{"id":121,"date":"2017-11-10T15:18:56","date_gmt":"2017-11-10T19:18:56","guid":{"rendered":"https:\/\/cstm-sctm.ca\/?page_id=121"},"modified":"2019-04-25T14:53:44","modified_gmt":"2019-04-25T17:53:44","slug":"my-account","status":"publish","type":"page","link":"https:\/\/cstm-sctm.ca\/fr\/my-account\/","title":{"rendered":"Mon compte"},"content":{"rendered":"<h1>\n\t<\/h1>\n\t<p>Thank you for joining the Canadian Society for Traditional Music. On this page you can view your current subscriptions and memberships and change your account details, including your password (Account details).\u00a0<\/p>\n<div class=\"woocommerce\"><\/div><h3>\n\t\tPublication Subscriptions\n\t<\/h3>\n\t<p>Your annual or lifetime membership includes a subscription to peer-reviewed\u00a0<em><a href=\"https:\/\/journals.lib.unb.ca\/index.php\/MC\/index\">MUSICultures<\/a>\u00a0<\/em>(autrefois\u00a0<em>Canadian Journal for Traditional Music<\/em>) and\u00a0<em><a href=\"http:\/\/www.canfolkmusic.ca\/index.php\/cfmb\">Musique folklorique canadienne<\/a>\u00a0<\/em>magazine. One-year memberships apply to the calendar year, January to December, and will give you access to the publications for that year.\u00a0A user account and password to login to the\u00a0<em><a href=\"https:\/\/journals.lib.unb.ca\/index.php\/MC\/index\">MUSICultures<\/a>\u00a0<\/em>website will be e-mailed to you after we have set-up your publication subscription. Please <a href=\"https:\/\/cstm-sctm.ca\/fr\/contact\/\">contact us<\/a> if you have any difficulty. Click on the images below to visit either publication website.<\/p>\n\t\t\t\t<a href=\"https:\/\/journals.lib.unb.ca\/index.php\/MC\" target=\"_blank\" rel=\"noopener noreferrer\"  itemprop=\"url\">\n\t\t\t\t<img loading=\"lazy\" decoding=\"async\" src=\"https:\/\/cstm-sctm.ca\/wp-content\/uploads\/2018\/01\/journal.jpg\" alt=\"CSTM - final logo.ai\" itemprop=\"image\" height=\"135\" width=\"800\" title=\"CSTM - final logo.ai\" onerror=\"this.style.display='none'\"  \/>\n\t\t\t\t<\/a>\n\t\t\t\t<a href=\"http:\/\/www.canfolkmusic.ca\/index.php\/cfmb\" target=\"_blank\" rel=\"noopener noreferrer\"  itemprop=\"url\">\n\t\t\t\t<img loading=\"lazy\" decoding=\"async\" src=\"https:\/\/cstm-sctm.ca\/wp-content\/uploads\/2018\/01\/CFMjournal.jpg\" alt=\"CFMjournal\" itemprop=\"image\" height=\"194\" width=\"900\" title=\"CFMjournal\" onerror=\"this.style.display='none'\"  \/>\n\t\t\t\t<\/a>\n<h3>\n\t\tCSTM LISTSERV\n\t<\/h3>\n\t<p>La SCTM maintient une liste de diffusion Listserv (<a href=\"\/fr\/m&\/#97;&#x69;&#x6c;t&#111;&#x3a;&#x43;S&#84;&#77;&#x2d;&#x4c;&#64;&#121;&#x6f;&#x72;k&#117;&#x2e;&#x63;a\">CSTM-L@yorku.ca.<\/a>) qui est mise \u00e0 la disposition de toute personne qui partage les int\u00e9r\u00eats de la Soci\u00e9t\u00e9. Pour vous y abonner, veuillez envoyer un courriel \u00e0 <a href=\"\/fr\/&\/#x6d;&#97;&#105;l&#x74;&#x6f;&#58;l&#x69;&#x73;&#116;s&#x65;&#x72;&#118;&#64;&#x79;&#x6f;&#114;k&#x75;&#x2e;&#99;a\">listserv@yorku.ca<\/a>en \u00e9crivant ce qui suit dans le corps du message :<\/p>\n<p>ABONNEMENT\/SUBSCRIBE CSTM-L Votrenomdefamille Votrepr\u00e9nom<\/p>\n<p>Seul les membres peuvent envoyer des courriels par le listserv. Pour envoyer un message au listserv CSTM, veuillez l' adresser \u00e0\u00a0<u><a href=\"http:\/\/\/fr\/&\/#47;&#x77;&#x77;w&#46;&#121;&#x6f;&#x72;k&#117;&#46;&#x63;&#x61;\/&#99;&#x73;&#x74;&#x6d;\/&#67;&#x53;&#x54;M&#45;&#76;&#x40;&#x79;o&#114;&#107;&#x75;&#x2e;c&#97;\">CSTM-L@yorku.ca.<\/a><\/u>.<\/p>\n<p>Pour obtenir de plus amples renseignements \u00e0 propos de cette liste de diffusion, notamment pour savoir comment vous d\u00e9sabonner, rendez-vous au site de notre\u00a0<a href=\"http:\/\/www.yorku.ca\/computing\/facultystaff\/email\/listservs\/listservuser.html\" target=\"_blank\" rel=\"noopener noreferrer\">h\u00f4te<\/a>, la York University. Bien que la liste de diffusion soit ouverte aux membres de la SCTM et aux personnes qui n'en sont pas membres, toutes les demandes d'abonnement doivent \u00eatre approuv\u00e9es par la propri\u00e9taire de la liste,\u00a0<a href=\"\/fr\/&\/#x6d;&#x61;&#x69;&#x6c;&#116;&#111;&#58;&#104;eat&#x68;&#x65;&#x72;&#x5f;&#x73;&#112;&#97;&#114;lin&#x67;&#x40;&#x63;&#x62;&#x75;&#46;&#99;&#97;\">Heather Sparling.<\/a>, afin de prot\u00e9ger la liste contre les pourriels.<\/p>\n<h3>\n\t\tOther Member Activities\n\t<\/h3>\n<h4>\n\t\tThank you for supporting the Canadian Society for Traditional Music\n\t<\/h4>","protected":false},"excerpt":{"rendered":"<p>Thank you for joining the Canadian Society for Traditional Music. On this page you can view your current subscriptions and memberships and change your account details, including your password (Account&hellip;<\/p>","protected":false},"author":1,"featured_media":0,"parent":0,"menu_order":0,"comment_status":"closed","ping_status":"closed","template":"","meta":{"footnotes":""},"class_list":["post-121","page","type-page","status-publish","hentry"],"_links":{"self":[{"href":"https:\/\/cstm-sctm.ca\/fr\/wp-json\/wp\/v2\/pages\/121","targetHints":{"allow":["GET"]}}],"collection":[{"href":"https:\/\/cstm-sctm.ca\/fr\/wp-json\/wp\/v2\/pages"}],"about":[{"href":"https:\/\/cstm-sctm.ca\/fr\/wp-json\/wp\/v2\/types\/page"}],"author":[{"embeddable":true,"href":"https:\/\/cstm-sctm.ca\/fr\/wp-json\/wp\/v2\/users\/1"}],"replies":[{"embeddable":true,"href":"https:\/\/cstm-sctm.ca\/fr\/wp-json\/wp\/v2\/comments?post=121"}],"version-history":[{"count":6,"href":"https:\/\/cstm-sctm.ca\/fr\/wp-json\/wp\/v2\/pages\/121\/revisions"}],"predecessor-version":[{"id":1769,"href":"https:\/\/cstm-sctm.ca\/fr\/wp-json\/wp\/v2\/pages\/121\/revisions\/1769"}],"wp:attachment":[{"href":"https:\/\/cstm-sctm.ca\/fr\/wp-json\/wp\/v2\/media?parent=121"}],"curies":[{"name":"wp","href":"https:\/\/api.w.org\/{rel}","templated":true}]}}