{"id":15,"date":"2017-10-26T11:36:10","date_gmt":"2017-10-26T14:36:10","guid":{"rendered":"https:\/\/cstm-sctm.ca\/?page_id=15"},"modified":"2019-04-19T07:07:11","modified_gmt":"2019-04-19T10:07:11","slug":"blog","status":"publish","type":"page","link":"https:\/\/cstm-sctm.ca\/fr\/blog\/","title":{"rendered":"Blog"},"content":{"rendered":"<h1>\n\t\tCSTM Blog Archive\n\t<\/h1>\n<h6>\n\t\tNous suivre sur FaceBook\n\t<\/h6>\n\t<iframe loading=\"lazy\" src=\"https:\/\/www.facebook.com\/plugins\/page.php?href=https%3A%2F%2Fwww.facebook.com%2Fcstm-sctm&#038;tabs=timeline&#038;width=220&#038;height=400&#038;small_header=true&#038;adapt_container_width=true&#038;hide_cover=false&#038;show_facepile=false&#038;appId=261369237942818\" width=\"220\" height=\"400\" scrolling=\"no\" frameborder=\"0\" allowtransparency=\"true\" allow=\"encrypted-media\"><\/iframe>\n\t\t<h3>Rejoindre la soci\u00e9t\u00e9<\/h3>\n\t\t<p>S'int\u00e9grer \u00e0 la Soci\u00e9t\u00e9 canadienne pour les traditions musicales.\u00a0<\/p>\n\t\t\t<a href=\"https:\/\/cstm-sctm.ca\/fr\/membership\/\" target=\"_self\" role=\"button\" rel=\"noopener noreferrer\">\n\t\t\t\t\t\tdevenir membre\n\t\t\t\t\t<\/a>","protected":false},"excerpt":{"rendered":"<p>CSTM Blog Archive Follow Us on Facebook Join our Society Become part of the Canadian Society for Traditional Music.\u00a0 Become a Member<\/p>","protected":false},"author":1,"featured_media":0,"parent":0,"menu_order":0,"comment_status":"closed","ping_status":"closed","template":"","meta":{"footnotes":""},"class_list":["post-15","page","type-page","status-publish","hentry"],"_links":{"self":[{"href":"https:\/\/cstm-sctm.ca\/fr\/wp-json\/wp\/v2\/pages\/15","targetHints":{"allow":["GET"]}}],"collection":[{"href":"https:\/\/cstm-sctm.ca\/fr\/wp-json\/wp\/v2\/pages"}],"about":[{"href":"https:\/\/cstm-sctm.ca\/fr\/wp-json\/wp\/v2\/types\/page"}],"author":[{"embeddable":true,"href":"https:\/\/cstm-sctm.ca\/fr\/wp-json\/wp\/v2\/users\/1"}],"replies":[{"embeddable":true,"href":"https:\/\/cstm-sctm.ca\/fr\/wp-json\/wp\/v2\/comments?post=15"}],"version-history":[{"count":5,"href":"https:\/\/cstm-sctm.ca\/fr\/wp-json\/wp\/v2\/pages\/15\/revisions"}],"predecessor-version":[{"id":1761,"href":"https:\/\/cstm-sctm.ca\/fr\/wp-json\/wp\/v2\/pages\/15\/revisions\/1761"}],"wp:attachment":[{"href":"https:\/\/cstm-sctm.ca\/fr\/wp-json\/wp\/v2\/media?parent=15"}],"curies":[{"name":"wp","href":"https:\/\/api.w.org\/{rel}","templated":true}]}}