{"id":227,"date":"2017-11-30T15:43:02","date_gmt":"2017-11-30T19:43:02","guid":{"rendered":"https:\/\/cstm-sctm.ca\/membership-join\/"},"modified":"2021-01-15T13:14:23","modified_gmt":"2021-01-15T17:14:23","slug":"membership-join","status":"publish","type":"page","link":"https:\/\/cstm-sctm.ca\/fr\/membership-join\/","title":{"rendered":"Rejoindre la soci\u00e9t\u00e9"},"content":{"rendered":"<h1><\/h1>\n<p style=\"text-align: left;\">The Canadian Society for Traditional Music is dedicated to the study and promotion of musical traditions of all communities and cultures, in all their aspects. The scope of the Society&#8217;s activities is intended to reflect the interests of all its members, including ethnomusicologists, folklorists, performers, music enthusiasts, and the music community at large.<\/p>\n<p><img loading=\"lazy\" decoding=\"async\" src=\"https:\/\/cstm-sctm.ca\/wp-content\/uploads\/2018\/01\/CSTM-SCTM-6020067-1.jpg\" alt=\"Photo Credit: Heidi Chan\" width=\"1920\" height=\"909\" \/><br \/>\nPhoto courtoisie de Heidi Chan<\/p>\n<p>Membership includes a subscription to the Society&#8217;s journal, MUSICultures, as well as its magazine, Canadian Folk Music, aaccess to the CSTM listserv and a voice in the Society&#8217;s affairs.<\/p>\n<h3>Choisir la cat\u00e9gorie d'adh\u00e9sion<\/h3>\n<h3>La soci\u00e9t\u00e9 est un organisme de bienfaisance et les dons sont d\u00e9ductibles d'imp\u00f4t.<\/h3>\n<h2>Merci pour votre soutien.<\/h2>","protected":false},"excerpt":{"rendered":"<p>The Canadian Society for Traditional Music is dedicated to the study and promotion of musical traditions of all communities and cultures, in all their aspects. The scope of the Society&#8217;s&hellip;<\/p>","protected":false},"author":1,"featured_media":0,"parent":0,"menu_order":0,"comment_status":"closed","ping_status":"closed","template":"","meta":{"footnotes":""},"class_list":["post-227","page","type-page","status-publish","hentry"],"_links":{"self":[{"href":"https:\/\/cstm-sctm.ca\/fr\/wp-json\/wp\/v2\/pages\/227","targetHints":{"allow":["GET"]}}],"collection":[{"href":"https:\/\/cstm-sctm.ca\/fr\/wp-json\/wp\/v2\/pages"}],"about":[{"href":"https:\/\/cstm-sctm.ca\/fr\/wp-json\/wp\/v2\/types\/page"}],"author":[{"embeddable":true,"href":"https:\/\/cstm-sctm.ca\/fr\/wp-json\/wp\/v2\/users\/1"}],"replies":[{"embeddable":true,"href":"https:\/\/cstm-sctm.ca\/fr\/wp-json\/wp\/v2\/comments?post=227"}],"version-history":[{"count":5,"href":"https:\/\/cstm-sctm.ca\/fr\/wp-json\/wp\/v2\/pages\/227\/revisions"}],"predecessor-version":[{"id":1966,"href":"https:\/\/cstm-sctm.ca\/fr\/wp-json\/wp\/v2\/pages\/227\/revisions\/1966"}],"wp:attachment":[{"href":"https:\/\/cstm-sctm.ca\/fr\/wp-json\/wp\/v2\/media?parent=227"}],"curies":[{"name":"wp","href":"https:\/\/api.w.org\/{rel}","templated":true}]}}