{"id":392,"date":"2017-12-14T11:09:22","date_gmt":"2017-12-14T15:09:22","guid":{"rendered":"https:\/\/cstm-sctm.ca\/?page_id=392"},"modified":"2026-04-06T14:19:12","modified_gmt":"2026-04-06T17:19:12","slug":"publications","status":"publish","type":"page","link":"https:\/\/cstm-sctm.ca\/fr\/publications\/","title":{"rendered":"Publications"},"content":{"rendered":"<h2>Publications et Soumissions<\/h2>\n<p>Une revue annuelle avec comit\u00e9 de lecture,\u00a0<em>MUSICultures<\/em>\u00a0(autrefois\u00a0<em>Canadian Journal for Traditional Music \/ La Revue de musique folklorique canadienne<\/em>, 1996-2009; formerly the <em>Canadian Folk Music Journal\u00a0<\/em>1988-1996), comprend des articles scientifiques sur les musiques dans des contextes canadiens, globaux et transnationaux.<\/p>\n<p>In addition to our publications, the CSTM manages an\u00a0archive\u00a0of journals, programmes, recordings, books, and pamphlets pertaining to traditional music in Canada. The archive may be accessed at the <a href=\"https:\/\/libguides.ucalgary.ca\/guides\/music\">Music Library<\/a> of the University of Calgary.<\/p>\n<p>La revue trimestrielle, <em><a href=\"https:\/\/cstm-sctm.ca\/fr\/publications\/#Magazine\">Musique folklorique canadienne<\/a><\/em>(d\u00e9sormais annul\u00e9), contient des articles, des notes, des comptes rendus et des commentaires sur tous les aspects de la musique folklorique et traditionnelle canadienne. La production a \u00e9t\u00e9 cess\u00e9 en 2016 apr\u00e8s 50 ans de publication.<\/p>\n<p>A one year\u2019s subscription to both <em>MUSICultures<\/em> et acc\u00e8s d'archives du <em>Musique folklorique canadienne<\/em> .<\/p>\n<h2><a id=\"journal\" name=\"journal\"><\/a>MUSICULTURES<\/h2>\n<p><em>MUSICultures\u00a0<\/em>is the scholarly journal of The Canadian Society for Traditional Music \/ La Soci\u00e9t\u00e9 canadienne pour les traditions musicales. It is a refereed journal that is published\u00a0digitally once a year under the auspices of the Society.<\/p>\n<p>La revue est disponible \u00e0 tous les membres de la SCTM\u00a0<a title=\"CSTM members\" href=\"http:\/\/journals.hil.unb.ca\/index.php\/MC\" target=\"_new\" rel=\"noopener noreferrer\">ici<\/a>. Les non-membres peuvent acc\u00e9der \u00e0 tous les num\u00e9ros \u00e0 l'exception des trois derni\u00e8res ann\u00e9es. On continuera \u00e0 ajouter les anciens num\u00e9ros jusqu'\u00e0 de que la s\u00e9rie compl\u00e8te soit disponible.<\/p>\n<p>Ce p\u00e9riodique pr\u00e9sente des articles originaux en fran\u00e7ais et en anglais portant sur une multitude de sujets touchant l'ethnomusicologie, la recherche sur la musique traditionnelle et les \u00e9tudes de musique populaire. Les contextes des articles de musique de ce p\u00e9riodique sont de nature tant canadienne que mondiale ou transnationale. Ce p\u00e9riodique pr\u00e9sente \u00e9galement des comptes rendus de livres ainsi que d'enregistrements sonores et visuels. Veuillez communiquer avec le r\u00e9dacteur en chef si vous d\u00e9sirez faire publier un compte rendu de livre ou d'enregistrement.<\/p>\n<p class=\"translation-block\">Les auteurs qui aimeraient que la publication d'un de leurs articles soit consid\u00e9r\u00e9e doivent en faire parvenir la version \u00e9lectronique au r\u00e9dacteur en chef, <a href=\"mailto:musicultures@cstm-sctm.ca\" target=\"_self\">Gordon E. Smith<\/a>.<\/p>\n<p>Les responsables des comptes rendus sont <a href=\"mailto:&#109;&#x61;&#105;&#x6c;&#116;&#x6f;&#58;&#x63;&#104;&#x72;&#105;&#x73;&#46;&#x67;r&#x65;e&#x6e;c&#x6f;r&#x6e;&#64;&#113;&#x75;&#101;&#x65;&#110;&#x73;&#117;&#x2e;&#99;&#x61;\">Chris Greenhorn<\/a> et <a href=\"\/fr\/m&\/#97;&#105;&#x6c;&#x74;&#x6f;:s&#105;&#110;&#x65;&#x6d;&#x2e;a&#114;&#115;&#108;&#x61;&#x6e;&#x40;m&#97;&#105;&#x6c;&#x2e;&#x75;to&#114;&#111;&#x6e;&#x74;&#x6f;&#46;&#99;&#97;\">Sinem Eyham Arslan<\/a>. Although unsolicited reviews are not accepted, suggestions for items to review (including books, films, websites, podcasts) are. For guidelines on how to write an academic review, please consult Wendy Belcher&#8217;s <a href=\"http:\/\/www.wendybelcher.com\/writing-advice\/how-to-write-book-review\/\" target=\"_blank\" rel=\"noopener noreferrer\">Writing the Academic Book Review par Wendy Belcher<\/a>.<\/p>\n<p><strong>The <em>MUSICultures<\/em> Editorial Board is:<\/strong><\/p>\n<p>Luis Achondo (Memorial University)<br \/>\nUpatyaka Dutta (student member, University of Toronto)<br \/>\nPatrick Nichelson (University of Alberta)<br \/>\nKip Pegley (Queen&#8217;s University)<br \/>\nDaniel Akira Stadnicki (McGill University)<br \/>\nAleysia Whitmore (University of Denver)<\/p>\n<h3>Recent Issues<\/h3>\n<p><strong>Vol 52 (2025):<br \/>\n<\/strong>Special Issue: Archives, Access, and Ethnomusicology, eds. Laura Risk and Janice Esther Tulk<\/p>\n<p>Plus &#8220;Voices \/ Voix&#8221; (articles), &#8220;Open Topics \/ Hors th\u00e8me&#8221; (articles), Book and Exhibition reviews, and musical transcriptions<\/p>\n<p><strong>Vol 51 (2024):<\/strong><br \/>\nSpecial Issue: Sustainable Futures in Popular Music: The Pandemic and Beyond, eds. Alexandra Boutros and Brian Fauteux<\/p>\n<p>Plus &#8220;Voices \/ Voix&#8221; (articles); &#8220;Open Topics \/ Hors th\u00e8me&#8221; (articles); Book and Exhibition reviews<\/p>\n<p><strong>Vol 50 (2023):<\/strong><br \/>\nSpecial Issue: Anti-racist Pedagogies and Praxis in Ethnomusicology, eds. Meghan Forsyth and Marcia Ostashewski<\/p>\n<p>Plus &#8220;Voices \/ Voix&#8221; (articles); &#8220;Open Topics \/ Hors th\u00e8me&#8221; (articles); book, film and podcast reviews<\/p>\n<p><strong>Vol 49 (2022):<\/strong><br \/>\nnum\u00e9ro sp\u00e9cial: Musical Activism and Agency: Contestations and Confluences, dirs. Anna Hoefnagels et Judith Klassen<\/p>\n<p>Plus &#8220;Voices \/ Voix&#8221; (articles); &#8220;Open Topics \/ Hors th\u00e8me&#8221; (articles); book and podcast reviews<\/p>\n<p><strong>Vol 48 (2021):<\/strong><br \/>\nSpecial Issue: Queer Musicking\/Musiquer\/Musiqueer, eds. Craig Jennex and Charity Marsh<\/p>\n<p>Plus &#8220;Open Topics \/ Hors th\u00e8me&#8221; (articles)<\/p>\n<h3>R\u00e8gles concernant les soumissions:<\/h3>\n<p>1. L\u2019article doit \u00eatre dactylographi\u00e9 \u00e0 interligne double (ce qui comprend les notes \u00e0 la fin de l\u2019article, les citations, les paroles de chansons, la liste des r\u00e9f\u00e9rences, et les vignettes des figures et illustrations), puis envoy\u00e9 sous la forme de fichier \u00e9lectronique (en format Word). Les citations de plus de trois lignes doivent \u00eatre s\u00e9par\u00e9es et en alin\u00e9a du c\u00f4t\u00e9 gauche de la page. La longueur habituelle des articles du p\u00e9riodique varie entre 6 500 et 8 500 mots.<\/p>\n<p>2. Puisque chaque article est \u00e9valu\u00e9 par deux \u00e9valuateurs anonymes, toute information identifiant l'auteur ne devrait figurer que dans le courriel destin\u00e9 au r\u00e9dacteur en chef.<\/p>\n<p>3. Veuillez r\u00e9viser votre article selon <a href=\"https:\/\/cstm-sctm.ca\/wp-content\/uploads\/2024\/04\/MUSICultures-Style-Guide-updated2024.pdf\">le guide de r\u00e9daction<\/a>.<\/p>\n<p>5. Les auteurs doivent fournir un r\u00e9sum\u00e9 de l\u2019article (jusqu\u2019\u00e0 100 mots) de m\u00eame qu\u2019une r\u00e9f\u00e9rence biographique (ne d\u00e9passant pas 70 mots) dactylographi\u00e9s \u00e0 interligne double dans des fichiers distincts accompagnant l\u2019article.<\/p>\n<p>4. Les figures, les graphiques et les tableaux se rapportant \u00e0 la musique doivent \u00eatre fournis dans des fichiers distincts tout en \u00e9tant accompagn\u00e9s d\u2019indications expliquant \u00e0 quel endroit ils doivent \u00eatre ins\u00e9r\u00e9s dans le texte. Toutes les figures, tous les graphiques, et tous les tableaux doivent \u00eatre assortis de vignettes compl\u00e8tes, ce qui doit comprendre l\u2019identification compl\u00e8te de l\u2019article et toutes les mentions de source et les remerciements n\u00e9cessaires. Il incombe \u00e0 l\u2019auteur de l\u2019article d\u2019obtenir les permissions n\u00e9cessaires en vue de l\u2019utilisation de mat\u00e9riel prot\u00e9g\u00e9 par droits d\u2019auteur de m\u00eame que les permissions relatives \u00e0 tout autre mat\u00e9riel, le cas \u00e9ch\u00e9ant.<\/p>\n<div><em>Photographic Images<\/em>\u00a0(acceptable files are jpegs or tiffs).\u00a0 All photographic images should be at least 200 dpi (dots per inch) resolution at full print size, though 300dpi is best.\u00a0 For example, if you open your image in a photo-editing program and check the &#8220;image size&#8221; dialogue box, it will show the height and width dimensions in inches\/centimetres and the dpi resolution.\u00a0 Because the journal generally prints images at full width, the width of the image should be greater than 5&#8243; at 200-300 dpi.\u00a0 Many digital cameras take images at 72dpi but with much greater print dimensions.\u00a0 Most photo-editing programs will adjust these relative to one-another, so if you change the resolution to 300dpi, the height and width dimensions should change and show what size it will print at that resolution.\u00a0 When in doubt, if an image is 1MB or above in size, it is fine.\u00a0 Note that you cannot simply artificially enlarge an image whose resolution is too low to start.<\/div>\n<div><\/div>\n<div><em>Diagrams, Musical Notation, and Line Art\u00a0<\/em> (acceptable files are PDF and EPS files).\u00a0 All tables, graphs, text-based art, maps, and notation should be supplied in PDF or EPS format (what is called &#8220;vector&#8221; format) to preserve the clarity of the lines when printing.\u00a0 Exceptions to this are jpeg or tiff files that are supplied in 1200 dpi (dot per inch) resolution at full print size.\u00a0 Generally programs that are used to create diagrams, notation, maps, and other text and line art use vectors, and will have saving or export options in pdf and eps format.<\/div>\n<h3>Pour envoyer un article:<\/h3>\n<p>Le manuscrit est \u00e9valu\u00e9 tout d'abord par le r\u00e9dacteur en chef du p\u00e9riodique qui d\u00e9termine si l'article rev\u00eat un int\u00e9r\u00eat suffisant pour passer \u00e0 la prochaine \u00e9tape, celle-ci consistant \u00e0 envoyer le manuscrit \u00e0 deux \u00e9valuateurs externes. Ces deux \u00e9valuateurs r\u00e9digent ensuite leurs \u00e9valuations et recommandations, et font m\u00eame parfois des suggestions de r\u00e9visions. Ces \u00e9valuations sont achemin\u00e9es au r\u00e9dacteur en chef et celui-ci d\u00e9cide soit de rejeter l'article, de reporter sa d\u00e9cision en attendant que des r\u00e9visions soient faites ou d'accepter le manuscrit dans l'\u00e9tat o\u00f9 il se trouve \u00e0 ce moment-l\u00e0. Les \u00e9valuations et les recommandations des \u00e9valuateurs sont ensuite envoy\u00e9es, de mani\u00e8re anonyme, \u00e0 l'auteur du manuscrit, en m\u00eame temps que les d\u00e9cisions du r\u00e9dacteur en chef.<\/p>\n<p>Ce processus dure normalement entre quatre et cinq mois.<\/p>\n<p>&nbsp;<\/p>\n<h3>Droits des auteurs<\/h3>\n<ul>\n<li>L\u2019auteur conserve ses droits sur son travail.<\/li>\n<li>L\u2019auteur c\u00e8de au propri\u00e9taire de la revue (The Canadian Society for Traditional Music \/ La Soci\u00e9t\u00e9 canadienne pour les traditions musicales) l\u2019exclusivit\u00e9 de la publication de son \u0153uvre.<\/li>\n<li>L\u2019auteur peut publier une version pr\u00e9- ou post- publication de son travail (voir les d\u00e9finitions ci-dessous) sur un site Internet personnel jusqu\u2019\u00e0 douze mois apr\u00e8s sa publication dans <em>MUSICultures<\/em>. Au bout de douze mois, la version pr\u00e9-publication doit \u00eatre remplac\u00e9e par la version publi\u00e9e.<\/li>\n<li>L\u2019auteur a la possibilit\u00e9 de d\u00e9poser le PDF de son travail publi\u00e9 sur un r\u00e9pertoire en ligne <em>\u00e0 but non lucratif<\/em> douze mois apr\u00e8s que son travail ait \u00e9t\u00e9 publi\u00e9 dans <em>MUSICultures<\/em>, ou par la suite \u00e0 n\u2019importe quel moment \u00e0 sa convenance.\n<ul>\n<li>Un tel d\u00e9p\u00f4t doit comporter un lien renvoyant \u00e0 son travail sur le site Internet de <em>MUSICultures<\/em> soit https:\/\/journals.lib.unb.ca\/index.php\/MC\/article\/view\/19996<\/li>\n<\/ul>\n<\/li>\n<\/ul>\n<p>Une pr\u00e9-publication est un travail en cours \u2013 une contribution non encore accept\u00e9e, voire encore non soumise, \u00e0 <em>MUSICultures<\/em>.<\/p>\n<p>Une post-publication est la version d\u2019une contribution apr\u00e8s \u00e9valuation par les pairs et acceptation par <em>MUSICultures<\/em>, les corrections y ayant \u00e9t\u00e9 apport\u00e9es.<\/p>\n<p>La version publi\u00e9e est le fichier PDF de la contribution telle qu\u2019elle appara\u00eet dans <em>MUSICultures<\/em>.<\/p>\n<p>Veuillez noter que academia.edu et ResearchGate.com sont tous deux des r\u00e9pertoires <em>\u00e0 but lucratif<\/em> ; les auteurs <em>ne peuvent<\/em> y d\u00e9poser les versions PDF publi\u00e9es de leur travail avant la fin de la p\u00e9riode d\u2019interdiction impos\u00e9e par la revue.<\/p>\n<p class=\"translation-block\">Pour les autorisations de r\u00e9imprimer ou de traduire des textes de MUSICultures, veuillez contacter Gordon E. Smith, r\u00e9dacteur en chef de MUSICultures (<a title=\"mailto:musicultures@cstm-sctm.ca\" href=\"mailto:musicultures@cstm-sctm.ca\" target=\"_self\">musicultures@cstm-sctm.ca<\/a>).<\/p>\n<p>&nbsp;<\/p>\n<h3>Indices<\/h3>\n<p><a href=\"http:\/\/cjtm.icaap.org\/\">Tables des mati\u00e8res et articles avec textes complets<\/a>\u00a0(vol 1 1973-vol 29 2002)<\/p>\n<p>&nbsp;<\/p>\n<h2><a id=\"Magazine\" name=\"Magazine\"><\/a>MUSIQUE FOLKLORIQUE CANADIENNE<\/h2>\n<p>Une revue trimestrielle, soit la revue\u00a0<em>Musique folklorique canadienne<\/em>, contient des notes, des comptes rendus, des revues et des commentaires sur tous les aspects de la musique folklorique et traditionnelle canadienne:\u00a0<a title=\"This external link will open in a new window\" href=\"http:\/\/www.canfolkmusic.ca\/index.php\/cfmb\" target=\"_blank\" rel=\"noopener noreferrer\">www.canfolkmusic.ca.<\/a> The magazine was discontinued\u00a0in 2016.<\/p>\n<h2>INDEX:<\/h2>\n<p><a href=\"http:\/\/cfmb.icaap.org\/\">Tables des mati\u00e8res et articles avec textes complets\u00a0<\/a>(1988-2003)<\/p>\n<p><a href=\"https:\/\/cstm-sctm.ca\/wp-content\/uploads\/2018\/01\/Cumulative-Table-of-Contents-1.doc\">Cumulative Index\u00a0<\/a>(1982-2015)<\/p>\n<p><a href=\"https:\/\/cstm-sctm.ca\/wp-content\/uploads\/2018\/01\/cumind15.rtf\">2015 Index<\/a><\/p>\n<p><a href=\"https:\/\/cstm-sctm.ca\/wp-content\/uploads\/2018\/01\/cumind14-1.rtf\">2014 Index<\/a><\/p>\n<p><a href=\"https:\/\/cstm-sctm.ca\/wp-content\/uploads\/2018\/01\/cumind13.rtf\">2013 Index<\/a><\/p>\n<p><a href=\"https:\/\/cstm-sctm.ca\/wp-content\/uploads\/2018\/01\/cumind12.doc\">2012 Index\u00a0<\/a><\/p>\n<p><a href=\"https:\/\/cstm-sctm.ca\/wp-content\/uploads\/2018\/01\/cumind11.doc\">2011 Index\u00a0<\/a><\/p>\n<p><a href=\"http:\/\/www.yorku.ca\/cstm\/Documents\/cumind10.rtf\">2010 Index\u00a0<\/a><\/p>\n<p><a href=\"https:\/\/cstm-sctm.ca\/wp-content\/uploads\/2018\/01\/cumind09.doc\">2009 Index\u00a0<\/a><\/p>\n<p><a href=\"https:\/\/cstm-sctm.ca\/wp-content\/uploads\/2018\/01\/2008_Bulletin_TOC5.doc\">2008 Index<\/a><\/p>\n<p><a href=\"https:\/\/cstm-sctm.ca\/wp-content\/uploads\/2018\/01\/2007_Bulletin_TOC.doc\">2007 Index\u00a0<\/a><\/p>\n<p><a href=\"https:\/\/cstm-sctm.ca\/wp-content\/uploads\/2018\/01\/2006_BulletinIndex.doc\">2006 Index\u00a0<\/a><\/p>\n<p><a href=\"https:\/\/cstm-sctm.ca\/wp-content\/uploads\/2018\/01\/2005_Bulletin_TOC.doc\">2005 Index\u00a0<\/a><\/p>\n<p><a href=\"https:\/\/cstm-sctm.ca\/wp-content\/uploads\/2018\/01\/2004_Bulletin_TOC.doc\">2004 Index\u00a0<\/a><\/p>\n<p><a href=\"https:\/\/cstm-sctm.ca\/wp-content\/uploads\/2018\/01\/2003_Bulletin_TOC.doc\">2003 Index\u00a0<\/a><\/p>\n<p><a href=\"https:\/\/cstm-sctm.ca\/wp-content\/uploads\/2018\/01\/2002_Bulletin_TOC.txt\">2002 Index<\/a><\/p>\n<h2>ARCHIVES<\/h2>\n<p><a href=\"http:\/\/cfmb.icaap.org\/archives.html\">Canadian Folk Music Bulletin September 1998 &#8211; December 1999<\/a><\/p>","protected":false},"excerpt":{"rendered":"<p>Publications and Submissions The annual peer-reviewed journal,\u00a0MUSICultures\u00a0(formerly the\u00a0Canadian Journal for Traditional Music \/ La Revue de musique folklorique canadienne, 1996-2009; formerly the Canadian Folk Music Journal\u00a01988-1996), includes scholarly articles pertaining&hellip;<\/p>","protected":false},"author":1,"featured_media":0,"parent":0,"menu_order":0,"comment_status":"closed","ping_status":"closed","template":"","meta":{"footnotes":""},"class_list":["post-392","page","type-page","status-publish","hentry"],"_links":{"self":[{"href":"https:\/\/cstm-sctm.ca\/fr\/wp-json\/wp\/v2\/pages\/392","targetHints":{"allow":["GET"]}}],"collection":[{"href":"https:\/\/cstm-sctm.ca\/fr\/wp-json\/wp\/v2\/pages"}],"about":[{"href":"https:\/\/cstm-sctm.ca\/fr\/wp-json\/wp\/v2\/types\/page"}],"author":[{"embeddable":true,"href":"https:\/\/cstm-sctm.ca\/fr\/wp-json\/wp\/v2\/users\/1"}],"replies":[{"embeddable":true,"href":"https:\/\/cstm-sctm.ca\/fr\/wp-json\/wp\/v2\/comments?post=392"}],"version-history":[{"count":7,"href":"https:\/\/cstm-sctm.ca\/fr\/wp-json\/wp\/v2\/pages\/392\/revisions"}],"predecessor-version":[{"id":3368,"href":"https:\/\/cstm-sctm.ca\/fr\/wp-json\/wp\/v2\/pages\/392\/revisions\/3368"}],"wp:attachment":[{"href":"https:\/\/cstm-sctm.ca\/fr\/wp-json\/wp\/v2\/media?parent=392"}],"curies":[{"name":"wp","href":"https:\/\/api.w.org\/{rel}","templated":true}]}}